{"id":2295,"date":"2023-02-01T21:23:03","date_gmt":"2023-02-01T20:23:03","guid":{"rendered":"https:\/\/new.singingbarkeepers.de\/?page_id=2295"},"modified":"2023-03-02T10:12:55","modified_gmt":"2023-03-02T09:12:55","slug":"messeparty-firmenevent","status":"publish","type":"page","link":"https:\/\/singingbarkeepers.de\/en\/messeparty-firmenevent\/","title":{"rendered":"Exhibition party\/Company event"},"content":{"rendered":"<h5>Event<\/h5>\n<h2>Exhibition party\/ Company event<\/h2>\n<h4 style=\"text-align: center;\"><strong>Two singing bartenders who prepare delicious cocktails at their mobile bar and sing cool songs at the same time.<\/strong><\/h4>\n<h5>\u00a0\u00a0\u00a0 And that&#8217;s how it works:<br \/><\/h5>\n<p>                                        <img decoding=\"async\" src=\"https:\/\/singingbarkeepers.de\/wp-content\/uploads\/2023\/02\/Servicebox1.2.jpg\" alt=\"Wir bringen alles Material mit f\u00fcr die Singing Barkeepers\" title=\"Servicebox1.2\"><\/p>\n<h3>We supply everything<\/h3>\n<h3>We supply everything<\/h3>\n<p>The Bar, the Drinks, Glasses &#8211; we will supply everything that is needed. We only need a power plug.<\/p>\n<p>                                        <img decoding=\"async\" src=\"https:\/\/singingbarkeepers.de\/wp-content\/uploads\/2023\/02\/Servicebox2.jpg\" alt=\"Die mobile Cocktailbar der Singing Barkeepers Mark Dee und Art Duke singende Barkeeper\" title=\"Servicebox2\"><\/p>\n<h3>The mobile cocktailbar<\/h3>\n<h3>The mobile cocktailbar<\/h3>\n<p>The Bar needs a space where your guests can reach it and see it easily.<\/p>\n<p>                                        <img decoding=\"async\" src=\"https:\/\/singingbarkeepers.de\/wp-content\/uploads\/2023\/02\/Servicebox3.jpg\" alt=\"Musikanlage der Singing Barkeepers singende Barkeeper\" title=\"Servicebox3\"><\/p>\n<h3>Sound system<\/h3>\n<h3>Sound system<\/h3>\n<p>Of course, a professional music system is always present, with which we can sound the booth or the location at a suitable volume.<\/p>\n<p>After all, we also want to talk to the guests&#8230;<\/p>\n<p>                                        <img decoding=\"async\" src=\"https:\/\/singingbarkeepers.de\/wp-content\/uploads\/2023\/02\/Servicebox4.1.jpg\" alt=\"Mark Dee und Art Duke Singing Barkeepers singende Barkeeper an ihrer mobilen Cocktailbar\" title=\"Servicebox4.1\"><\/p>\n<h3>Bar opening<\/h3>\n<h3>Bar opening<\/h3>\n<p>Now we still throw ourselves &#8220;in disguise&#8221; and then it starts.<\/p>\n<p>We open the bar with a really cool song, which we usually sing together.<\/p>\n<p>                                        <img decoding=\"async\" src=\"https:\/\/singingbarkeepers.de\/wp-content\/uploads\/2023\/02\/Servicebox5.jpg\" alt=\"Messeparty mit den Singing Barkeepers\" title=\"Servicebox5\"><\/p>\n<h3>Cocktails &#038; Music<\/h3>\n<h3>Cocktails &#038; Music<\/h3>\n<p>Always an attraction.<\/p>\n<p>Guests order by pointing to the desired cocktail in the bar menu.<\/p>\n<p>So we can sing and take the next order at the same time. Ingenious, isn&#8217;t it?<\/p>\n<p>                                        <img decoding=\"async\" src=\"https:\/\/singingbarkeepers.de\/wp-content\/uploads\/2023\/02\/Testbild-ServiceBox.jpg\" alt=\"Mark Dee und Art Duke Singing Barkeepers singende Barkeeper\" title=\"Testbild ServiceBox\"><\/p>\n<h3>We love to entertain you<\/h3>\n<h3>We love to entertain you<\/h3>\n<p>Happy guests enjoying our delicious cocktails, singing, dancing and having a really good time with us!<\/p>\n<p>WE LOVE IT<\/p>\n<h3>More info? Any questions?<\/h3>\n<p>\t\t\t\t\t\t\t<a href=\"https:\/\/singingbarkeepers.de\/kontaktformular-firmenevent\/\" target=\"_blank\" rel=\"noopener\">To contact form <\/a><\/p>\n<h1 style=\"text-align: center;\">From A for request to A for billing<\/h1>\n<ul>\n<li>\n                            We bring everything we need. Glasses, ice, all ingredients, mobile bars (Quantity depending on VA size) music system and lights.\n                                                    <\/li>\n<li>\n                            We only need a place for the bar and electricity.\n                                                    <\/li>\n<\/ul>\n<p>\t\t\t\t\t\t\t\t\tRequest an appointment<br \/>\n\t\t\t\t\t\t\t\t\tGet offer<br \/>\n\t\t\t\t\t\t\t\t\tAccept offer<br \/>\n\t\t\t\t\t\t\t\t\tConfirm date<br \/>\n\t\t\t\t\t\t\t\t\tCocktail card<br \/>\n\t\t\t\t\t\t\t\t\tBefore the event<br \/>\n\t\t\t\t\t\t\t\t\tArrival and setup<br \/>\n\t\t\t\t\t\t\t\t\tWhat do we need on site?<br \/>\n\t\t\t\t\t\t\t\t\tCourse of the event<br \/>\n\t\t\t\t\t\t\t\t\tEvent end<br \/>\n\t\t\t\t\t\t\t\t\tBilling<br \/>\n\t\t\t\t\t\t\t\t\tRequest an appointment<\/p>\n<p>You have found the Singing Bartenders site, wonderful, that is the first step to a successful event.<\/p>\n<p>Now you ask us for the date, either<\/p>\n<ul>\n<li>via the contact form or<\/li>\n<li>You write us a mail<\/li>\n<li>You call us<\/li>\n<\/ul>\n<p>The more details about the venue, the expected number of guests and other special features you tell us in advance, the more concrete we can keep our offer.<\/p>\n<p>\t\t\t\t\t\t\t\t\tGet offer<\/p>\n<p>If the date is still available with us and we have all the necessary information, you will receive a detailed written offer from us.<\/p>\n<p>Since such an event is always very individual, we discuss and optimize the offer until everything fits for you. And because we have to plan many events, the offer is usually not valid for more than 2 &#8211; 4 weeks.<\/p>\n<p>Da eine solche Veranstaltung immer sehr individuell ist, besprechen und optimieren wir das Angebot so lange, bis alles f\u00fcr Sie passt. Und weil wir viele Veranstaltungen planen m\u00fcssen, ist das Angebot in aller Regel nicht l\u00e4nger als 2 &#8211; 4 Wochen g\u00fcltig.<\/p>\n<p>\t\t\t\t\t\t\t\t\tAccept offer<\/p>\n<p>If you like the offer, then you can accept it directly online. To do this, you will receive from us a<strong> special link<\/strong> where you can see all the items individually in detail.<\/p>\n<p>\t\t\t\t\t\t\t\t\tConfirm date<\/p>\n<p>If you have accepted our offer, you will immediately receive a written order confirmation. Then the date is fixed and we start the detailed planning.<\/p>\n<p>\t\t\t\t\t\t\t\t\tCocktail card<\/p>\n<p>You will receive an individual cocktail card with your logo and the desired cocktails. Of course, we will discuss this with you in advance. We can also send you a &#8222;sample&#8220; cocktail menu in advance.<\/p>\n<p>\t\t\t\t\t\t\t\t\tBefore the event<\/p>\n<p>C<\/p>\n<p>Approx. 2 weeks before the event we will contact you again to clarify the details:<\/p>\n<ul>\n<li>Exact place of performance, if necessary stand number<\/li>\n<li>When exactly should we start?<\/li>\n<li>When can we start with the set-up?<\/li>\n<\/ul>\n<p>\t\t\t\t\t\t\t\t\tArrival and setup<\/p>\n<p>We usually arrive with a van, if necessary with a trailer. For this we need a free parking space.<\/p>\n<p>The set-up should be possible approx. 2 hours before the start of the event.<\/p>\n<p>\t\t\t\t\t\t\t\t\tWhat do we need on site?<\/p>\n<p>To ensure that we are fast and mobile, we have everything &#8222;on wheels&#8220; with us. The access to the booth or the venue should therefore be as barrier-free as possible, i.e. not contain any stairs or landings or have an elevator.<\/p>\n<p>For the bar incl. storage space for the ingredients and music system including speakers we need<strong> approx. 4 x 2 meters of space<\/strong> and a <strong>power outlet 10A<\/strong> (no power current).<\/p>\n<p>The bar should be able to be placed in a central location that guests can easily reach and see.<\/p>\n<p>\t\t\t\t\t\t\t\t\tCourse of the event<\/p>\n<p>After the bar and music system is set up, we can play background music.<br \/>We start by direct arrangement with you by musically announcing the bar opening.<\/p>\n<p>There is a bar card at the bar with the cocktails, guests point to the drink they want and Art and Mark prepare them while their vocal performance is on. Everything goes seamlessly hand in hand.<\/p>\n<p>The used glasses are usually cleared by the booth staff (trade show parties) or even by their own helpers brought along. If there is a dishwashing facility available, this would be helpful, but is not mandatory, as we always have enough glasses with us.<\/p>\n<p>\t\t\t\t\t\t\t\t\tEvent end<\/p>\n<p>After the bar is closed (always after consultation with you), we can still run some background music while we clean up and dismantle the bars. Dismantling always takes place directly after the event and enough time should be planned for it.<\/p>\n<p>\t\t\t\t\t\t\t\t\tBilling<\/p>\n<p>After the event, you will receive a written invoice from us as agreed, which must usually be paid within 7 days.<\/p>\n<p>The invoice for the event is generated directly from the quote. This ensures that everything runs correctly and nothing is forgotten or overcharged.<\/p>\n<p>The cocktails are charged according to consumption, we count during the event and also check again about the glasses brought.<\/p>\n<ul>\n<li>\n                            Did you like the performance and service of Singing Bartenders? Then we are happy about a positive rating on\n                                                    <\/li>\n<\/ul>\n<ul>\n<li>\n\t\t\t\t\t\t\t\t\t\t\t<a href=\"https:\/\/g.page\/r\/CVz3rElQzUywEAI\/review\" target=\"_blank\" rel=\"noopener\"><br \/>\n\t\t\t\t\t\t\t\t\t\tGoogle<br \/>\n\t\t\t\t\t\t\t\t\t\t\t<\/a>\n\t\t\t\t\t\t\t\t\t<\/li>\n<\/ul>\n","protected":false},"excerpt":{"rendered":"<p>Event Exhibition party\/ Company event Two singing bartenders who prepare delicious cocktails at their mobile bar and sing cool songs at the same time. \u00a0\u00a0\u00a0 And that&#8217;s how it works: We supply everything We supply everything The Bar, the Drinks, Glasses &#8211; we will supply everything that is needed. We only need a power plug. [&hellip;]<\/p>\n","protected":false},"author":1,"featured_media":0,"parent":0,"menu_order":0,"comment_status":"closed","ping_status":"closed","template":"","meta":{"footnotes":""},"class_list":["post-2295","page","type-page","status-publish","hentry"],"translation":{"provider":"WPGlobus","version":"3.0.0","language":"en","enabled_languages":["de","en"],"languages":{"de":{"title":true,"content":true,"excerpt":false},"en":{"title":true,"content":true,"excerpt":false}}},"yoast_head":"<!-- This site is optimized with the Yoast SEO plugin v26.0 - https:\/\/yoast.com\/wordpress\/plugins\/seo\/ -->\n<title>Exhibition party\/Company event - Singing Barkeepers<\/title>\n<meta name=\"robots\" content=\"index, follow, max-snippet:-1, max-image-preview:large, max-video-preview:-1\" \/>\n<link rel=\"canonical\" href=\"https:\/\/singingbarkeepers.de\/messeparty-firmenevent\/\" \/>\n<meta property=\"og:locale\" content=\"en_US\" \/>\n<meta property=\"og:type\" content=\"article\" \/>\n<meta property=\"og:title\" content=\"Exhibition party\/Company event - Singing Barkeepers\" \/>\n<meta property=\"og:url\" content=\"https:\/\/singingbarkeepers.de\/messeparty-firmenevent\/\" \/>\n<meta property=\"og:site_name\" content=\"Singing Barkeepers\" \/>\n<meta property=\"article:publisher\" content=\"https:\/\/www.facebook.com\/SingingBarkeepers\" \/>\n<meta property=\"article:modified_time\" content=\"2023-03-02T09:12:55+00:00\" \/>\n<meta property=\"og:image\" content=\"https:\/\/singingbarkeepers.de\/wp-content\/uploads\/2023\/02\/Servicebox1.2.jpg\" \/>\n<meta name=\"twitter:label1\" content=\"Est. reading time\" \/>\n\t<meta name=\"twitter:data1\" content=\"7 minutes\" \/>\n<script type=\"application\/ld+json\" class=\"yoast-schema-graph\">{\"@context\":\"https:\/\/schema.org\",\"@graph\":[{\"@type\":\"WebPage\",\"@id\":\"https:\/\/singingbarkeepers.de\/messeparty-firmenevent\/\",\"url\":\"https:\/\/singingbarkeepers.de\/messeparty-firmenevent\/\",\"name\":\"Exhibition party\/Company event - Singing Barkeepers\",\"isPartOf\":{\"@id\":\"https:\/\/singingbarkeepers.de\/#website\"},\"primaryImageOfPage\":{\"@id\":\"https:\/\/singingbarkeepers.de\/messeparty-firmenevent\/#primaryimage\"},\"image\":{\"@id\":\"https:\/\/singingbarkeepers.de\/messeparty-firmenevent\/#primaryimage\"},\"thumbnailUrl\":\"https:\/\/singingbarkeepers.de\/wp-content\/uploads\/2023\/02\/Servicebox1.2.jpg\",\"datePublished\":\"2023-02-01T20:23:03+00:00\",\"dateModified\":\"2023-03-02T09:12:55+00:00\",\"breadcrumb\":{\"@id\":\"https:\/\/singingbarkeepers.de\/messeparty-firmenevent\/#breadcrumb\"},\"inLanguage\":\"en-US\",\"potentialAction\":[{\"@type\":\"ReadAction\",\"target\":[\"https:\/\/singingbarkeepers.de\/messeparty-firmenevent\/\"]}]},{\"@type\":\"ImageObject\",\"inLanguage\":\"en-US\",\"@id\":\"https:\/\/singingbarkeepers.de\/messeparty-firmenevent\/#primaryimage\",\"url\":\"https:\/\/singingbarkeepers.de\/wp-content\/uploads\/2023\/02\/Servicebox1.2.jpg\",\"contentUrl\":\"https:\/\/singingbarkeepers.de\/wp-content\/uploads\/2023\/02\/Servicebox1.2.jpg\"},{\"@type\":\"BreadcrumbList\",\"@id\":\"https:\/\/singingbarkeepers.de\/messeparty-firmenevent\/#breadcrumb\",\"itemListElement\":[{\"@type\":\"ListItem\",\"position\":1,\"name\":\"Home\",\"item\":\"https:\/\/singingbarkeepers.de\/\"},{\"@type\":\"ListItem\",\"position\":2,\"name\":\"Messeparty &#8211; Firmenevent\"}]},{\"@type\":\"WebSite\",\"@id\":\"https:\/\/singingbarkeepers.de\/#website\",\"url\":\"https:\/\/singingbarkeepers.de\/\",\"name\":\"Singing Barkeepers\",\"description\":\"Singing Barkeepers\",\"publisher\":{\"@id\":\"https:\/\/singingbarkeepers.de\/#organization\"},\"potentialAction\":[{\"@type\":\"SearchAction\",\"target\":{\"@type\":\"EntryPoint\",\"urlTemplate\":\"https:\/\/singingbarkeepers.de\/?s={search_term_string}\"},\"query-input\":{\"@type\":\"PropertyValueSpecification\",\"valueRequired\":true,\"valueName\":\"search_term_string\"}}],\"inLanguage\":\"en-US\"},{\"@type\":\"Organization\",\"@id\":\"https:\/\/singingbarkeepers.de\/#organization\",\"name\":\"Singing Barkeepers\",\"url\":\"https:\/\/singingbarkeepers.de\/\",\"logo\":{\"@type\":\"ImageObject\",\"inLanguage\":\"en-US\",\"@id\":\"https:\/\/singingbarkeepers.de\/#\/schema\/logo\/image\/\",\"url\":\"https:\/\/singingbarkeepers.de\/wp-content\/uploads\/2023\/01\/Schriftzug-short_weiss.png\",\"contentUrl\":\"https:\/\/singingbarkeepers.de\/wp-content\/uploads\/2023\/01\/Schriftzug-short_weiss.png\",\"width\":546,\"height\":80,\"caption\":\"Singing Barkeepers\"},\"image\":{\"@id\":\"https:\/\/singingbarkeepers.de\/#\/schema\/logo\/image\/\"},\"sameAs\":[\"https:\/\/www.facebook.com\/SingingBarkeepers\",\"https:\/\/www.instagram.com\/singingbarkeepers\/\"]}]}<\/script>\n<!-- \/ Yoast SEO plugin. -->","yoast_head_json":{"title":"Exhibition party\/Company event - Singing Barkeepers","robots":{"index":"index","follow":"follow","max-snippet":"max-snippet:-1","max-image-preview":"max-image-preview:large","max-video-preview":"max-video-preview:-1"},"canonical":"https:\/\/singingbarkeepers.de\/messeparty-firmenevent\/","og_locale":"en_US","og_type":"article","og_title":"Exhibition party\/Company event - Singing Barkeepers","og_url":"https:\/\/singingbarkeepers.de\/messeparty-firmenevent\/","og_site_name":"Singing Barkeepers","article_publisher":"https:\/\/www.facebook.com\/SingingBarkeepers","article_modified_time":"2023-03-02T09:12:55+00:00","og_image":[{"url":"https:\/\/singingbarkeepers.de\/wp-content\/uploads\/2023\/02\/Servicebox1.2.jpg","type":"","width":"","height":""}],"twitter_misc":{"Est. reading time":"7 minutes"},"schema":{"@context":"https:\/\/schema.org","@graph":[{"@type":"WebPage","@id":"https:\/\/singingbarkeepers.de\/messeparty-firmenevent\/","url":"https:\/\/singingbarkeepers.de\/messeparty-firmenevent\/","name":"Exhibition party\/Company event - Singing Barkeepers","isPartOf":{"@id":"https:\/\/singingbarkeepers.de\/#website"},"primaryImageOfPage":{"@id":"https:\/\/singingbarkeepers.de\/messeparty-firmenevent\/#primaryimage"},"image":{"@id":"https:\/\/singingbarkeepers.de\/messeparty-firmenevent\/#primaryimage"},"thumbnailUrl":"https:\/\/singingbarkeepers.de\/wp-content\/uploads\/2023\/02\/Servicebox1.2.jpg","datePublished":"2023-02-01T20:23:03+00:00","dateModified":"2023-03-02T09:12:55+00:00","breadcrumb":{"@id":"https:\/\/singingbarkeepers.de\/messeparty-firmenevent\/#breadcrumb"},"inLanguage":"en-US","potentialAction":[{"@type":"ReadAction","target":["https:\/\/singingbarkeepers.de\/messeparty-firmenevent\/"]}]},{"@type":"ImageObject","inLanguage":"en-US","@id":"https:\/\/singingbarkeepers.de\/messeparty-firmenevent\/#primaryimage","url":"https:\/\/singingbarkeepers.de\/wp-content\/uploads\/2023\/02\/Servicebox1.2.jpg","contentUrl":"https:\/\/singingbarkeepers.de\/wp-content\/uploads\/2023\/02\/Servicebox1.2.jpg"},{"@type":"BreadcrumbList","@id":"https:\/\/singingbarkeepers.de\/messeparty-firmenevent\/#breadcrumb","itemListElement":[{"@type":"ListItem","position":1,"name":"Home","item":"https:\/\/singingbarkeepers.de\/"},{"@type":"ListItem","position":2,"name":"Messeparty &#8211; Firmenevent"}]},{"@type":"WebSite","@id":"https:\/\/singingbarkeepers.de\/#website","url":"https:\/\/singingbarkeepers.de\/","name":"Singing Barkeepers","description":"Singing Barkeepers","publisher":{"@id":"https:\/\/singingbarkeepers.de\/#organization"},"potentialAction":[{"@type":"SearchAction","target":{"@type":"EntryPoint","urlTemplate":"https:\/\/singingbarkeepers.de\/?s={search_term_string}"},"query-input":{"@type":"PropertyValueSpecification","valueRequired":true,"valueName":"search_term_string"}}],"inLanguage":"en-US"},{"@type":"Organization","@id":"https:\/\/singingbarkeepers.de\/#organization","name":"Singing Barkeepers","url":"https:\/\/singingbarkeepers.de\/","logo":{"@type":"ImageObject","inLanguage":"en-US","@id":"https:\/\/singingbarkeepers.de\/#\/schema\/logo\/image\/","url":"https:\/\/singingbarkeepers.de\/wp-content\/uploads\/2023\/01\/Schriftzug-short_weiss.png","contentUrl":"https:\/\/singingbarkeepers.de\/wp-content\/uploads\/2023\/01\/Schriftzug-short_weiss.png","width":546,"height":80,"caption":"Singing Barkeepers"},"image":{"@id":"https:\/\/singingbarkeepers.de\/#\/schema\/logo\/image\/"},"sameAs":["https:\/\/www.facebook.com\/SingingBarkeepers","https:\/\/www.instagram.com\/singingbarkeepers\/"]}]}},"_links":{"self":[{"href":"https:\/\/singingbarkeepers.de\/en\/wp-json\/wp\/v2\/pages\/2295","targetHints":{"allow":["GET"]}}],"collection":[{"href":"https:\/\/singingbarkeepers.de\/en\/wp-json\/wp\/v2\/pages"}],"about":[{"href":"https:\/\/singingbarkeepers.de\/en\/wp-json\/wp\/v2\/types\/page"}],"author":[{"embeddable":true,"href":"https:\/\/singingbarkeepers.de\/en\/wp-json\/wp\/v2\/users\/1"}],"replies":[{"embeddable":true,"href":"https:\/\/singingbarkeepers.de\/en\/wp-json\/wp\/v2\/comments?post=2295"}],"version-history":[{"count":178,"href":"https:\/\/singingbarkeepers.de\/en\/wp-json\/wp\/v2\/pages\/2295\/revisions"}],"predecessor-version":[{"id":3701,"href":"https:\/\/singingbarkeepers.de\/en\/wp-json\/wp\/v2\/pages\/2295\/revisions\/3701"}],"wp:attachment":[{"href":"https:\/\/singingbarkeepers.de\/en\/wp-json\/wp\/v2\/media?parent=2295"}],"curies":[{"name":"wp","href":"https:\/\/api.w.org\/{rel}","templated":true}]}}